{"id":551,"date":"2015-03-15T17:50:34","date_gmt":"2015-03-15T16:50:34","guid":{"rendered":"http:\/\/www.ey-films.fr\/betablog\/?page_id=551"},"modified":"2019-12-08T00:42:35","modified_gmt":"2019-12-07T23:42:35","slug":"contact","status":"publish","type":"page","link":"https:\/\/www.ey-films.fr\/blog\/contact\/","title":{"rendered":"Pour nous contacter&#8230;"},"content":{"rendered":"<p style=\"text-align: right;\"><a style=\"color: #cc3300;\" href=\"javascript:history.back()\">Page pr\u00e9c\u00e9dente<\/a><\/p>\n<div id=\"content-block-a\">\n<div id=\"form-container\">\n<div class=\"wpcf7 no-js\" id=\"wpcf7-f714-o1\" lang=\"fr-FR\" dir=\"ltr\">\n<div class=\"screen-reader-response\"><p role=\"status\" aria-live=\"polite\" aria-atomic=\"true\"><\/p> <ul><\/ul><\/div>\n<form action=\"\/blog\/wp-json\/wp\/v2\/pages\/551#wpcf7-f714-o1\" method=\"post\" class=\"wpcf7-form init\" aria-label=\"Formulaire de contact\" enctype=\"multipart\/form-data\" novalidate=\"novalidate\" data-status=\"init\">\n<div style=\"display: none;\">\n<input type=\"hidden\" name=\"_wpcf7\" value=\"714\" \/>\n<input type=\"hidden\" name=\"_wpcf7_version\" value=\"5.7.5.1\" \/>\n<input type=\"hidden\" name=\"_wpcf7_locale\" value=\"fr_FR\" \/>\n<input type=\"hidden\" name=\"_wpcf7_unit_tag\" value=\"wpcf7-f714-o1\" \/>\n<input type=\"hidden\" name=\"_wpcf7_container_post\" value=\"0\" \/>\n<input type=\"hidden\" name=\"_wpcf7_posted_data_hash\" value=\"\" \/>\n<\/div>\n<p>Pr\u00e9nom \/ Nom : <span class=\"star\">*<span><br \/>\n<span class=\"wpcf7-form-control-wrap\" data-name=\"your-name\"><input size=\"40\" class=\"wpcf7-form-control wpcf7-text wpcf7-validates-as-required form1\" aria-required=\"true\" aria-invalid=\"false\" value=\"\" type=\"text\" name=\"your-name\" \/><\/span> <\/span><\/span>\n<\/p>\n<p>Adresse courriel : <span class=\"star\">*<span><br \/>\n<span class=\"wpcf7-form-control-wrap\" data-name=\"your-email\"><input size=\"40\" class=\"wpcf7-form-control wpcf7-text wpcf7-email wpcf7-validates-as-required wpcf7-validates-as-email form1\" aria-required=\"true\" aria-invalid=\"false\" value=\"\" type=\"email\" name=\"your-email\" \/><\/span> <\/span><\/span>\n<\/p>\n<p>Sujet : <span class=\"star\">*<span><br \/>\n<span class=\"wpcf7-form-control-wrap\" data-name=\"your-subject\"><input size=\"40\" class=\"wpcf7-form-control wpcf7-text wpcf7-validates-as-required form1\" aria-required=\"true\" aria-invalid=\"false\" value=\"\" type=\"text\" name=\"your-subject\" \/><\/span> <\/span><\/span>\n<\/p>\n<p>Message :\n<\/p>\n<p><span class=\"wpcf7-form-control-wrap\" data-name=\"your-message\"><textarea cols=\"40\" rows=\"10\" class=\"wpcf7-form-control wpcf7-textarea form2\" aria-invalid=\"false\" name=\"your-message\"><\/textarea><\/span>\n<\/p>\n<p>Pi\u00e8ce-jointe :\n<\/p>\n<p><span class=\"wpcf7-form-control-wrap\" data-name=\"file-647\"><input size=\"40\" class=\"wpcf7-form-control wpcf7-file\" accept=\".pdf,.mp3,.jpeg,.jpg,.zip\" aria-invalid=\"false\" type=\"file\" name=\"file-647\" \/><\/span>\n<\/p>\n<p>&nbsp;\n<\/p>\n<p>Recopiez le code ci-dessous :\n<\/p>\n<p><input type=\"hidden\" name=\"_wpcf7_captcha_challenge_captcha-448\" value=\"46757422\" \/><img class=\"wpcf7-form-control wpcf7-captchac wpcf7-captcha-captcha-448\" width=\"72\" height=\"24\" alt=\"captcha\" src=\"https:\/\/www.ey-films.fr\/blog\/wp-content\/uploads\/wpcf7_captcha\/46757422.png\" \/>\n<\/p>\n<p><span class=\"wpcf7-form-control-wrap\" data-name=\"captcha-448\"><input size=\"40\" class=\"wpcf7-form-control wpcf7-captchar form3\" autocomplete=\"off\" aria-invalid=\"false\" value=\"\" type=\"text\" name=\"captcha-448\" \/><\/span>\n<\/p>\n<p><input class=\"wpcf7-form-control has-spinner wpcf7-submit\" type=\"submit\" value=\"Envoyer\" \/>\n<\/p><div class=\"wpcf7-response-output\" aria-hidden=\"true\"><\/div>\n<\/form>\n<\/div>\n<\/div>\n<\/div>\n<div id=\"content-block-b\" class=\"notes2\">\n<p>&nbsp;<br \/>\nCe formulaire est \u00e0 votre disposition pour un premier contact par courriel. Il vous permet de joindre \u00e0 votre message un fichier .pdf, .mp3, .jpeg ou .zip de 5 Mo maximum.<\/p>\n<p align=\"center\"><strong>LES FILMS ALEXANDRE EYMERY<\/strong><br \/>\n32 avenue Lazare Hoche, 92370 Chaville &#8211; France<br \/>\n<br \/>T\u00e9l : +33<span style=\"color: #ffffff;\">&#8211;<\/span>(0)1<span style=\"color: #ffffff;\">&#8211;<\/span>47<span style=\"color: #ffffff;\">&#8211;<\/span>09<span style=\"color: #ffffff;\">&#8211;<\/span>36<span style=\"color: #ffffff;\">&#8211;<\/span>06<\/p>\n<hr>\n<h5>Demande de devis :<\/h5>\n<p>Concernant les demandes de prestations, l&rsquo;\u00e9tablissement d&rsquo;un devis passe par un rendez-vous pr\u00e9alable afin d&rsquo;\u00e9tudier de mani\u00e8re approfondie votre projet. Chaque film est unique. Vous pouvez lire \u00e0 ce sujet l&rsquo;article suivant : <a href=\"http:\/\/www.ey-films.fr\/blog\/devis-combien-coute-un-film-entreprise\/\" target=\"_blank\">Devis, combien co\u00fbte un film d&rsquo;entreprise ?<\/a><\/p>\n<hr>\n<h5>Candidatures :<\/h5>\n<p>La soci\u00e9t\u00e9 emploie r\u00e9guli\u00e8rement des techniciens et com\u00e9diens intermittents du spectacle. Elle fait \u00e9galement appel \u00e0 des stagiaires, mais uniquement de fa\u00e7on ponctuelle (pas de contrat d&rsquo;apprentissage). <br \/>\nVos candidatures sont les bienvenues par courriel, via le formulaire ci-contre. Vous fusionnerez CV et lettre de motivation en un seul document pdf. Pour les com\u00e9diens qui souhaiteraient envoyer plusieurs \u00e9l\u00e9ments (photos, d\u00e9mos mp3), l&rsquo;ensemble sera regroup\u00e9 dans un fichier .zip n&rsquo;exc\u00e9dant pas 5 Mo.\n<\/p>\n<p style=\"text-align: right;\"><a style=\"color: #cc3300;\" href=\"javascript:history.back()\">Page pr\u00e9c\u00e9dente<\/a><\/p>\n<\/div>\n","protected":false},"excerpt":{"rendered":"<p>Page pr\u00e9c\u00e9dente &nbsp; Ce formulaire est \u00e0 votre disposition pour un premier contact par courriel. Il vous permet de joindre \u00e0 votre message un fichier .pdf, .mp3, .jpeg ou .zip de 5 Mo maximum. LES FILMS ALEXANDRE EYMERY 32 avenue Lazare Hoche, 92370 Chaville &#8211; France T\u00e9l : +33&#8211;(0)1&#8211;47&#8211;09&#8211;36&#8211;06 Demande de devis : Concernant les [&hellip;]<\/p>\n","protected":false},"author":1,"featured_media":494,"parent":0,"menu_order":0,"comment_status":"closed","ping_status":"closed","template":"page-templates\/page-modele-contact.php","meta":[],"_links":{"self":[{"href":"https:\/\/www.ey-films.fr\/blog\/wp-json\/wp\/v2\/pages\/551"}],"collection":[{"href":"https:\/\/www.ey-films.fr\/blog\/wp-json\/wp\/v2\/pages"}],"about":[{"href":"https:\/\/www.ey-films.fr\/blog\/wp-json\/wp\/v2\/types\/page"}],"author":[{"embeddable":true,"href":"https:\/\/www.ey-films.fr\/blog\/wp-json\/wp\/v2\/users\/1"}],"replies":[{"embeddable":true,"href":"https:\/\/www.ey-films.fr\/blog\/wp-json\/wp\/v2\/comments?post=551"}],"version-history":[{"count":90,"href":"https:\/\/www.ey-films.fr\/blog\/wp-json\/wp\/v2\/pages\/551\/revisions"}],"predecessor-version":[{"id":933,"href":"https:\/\/www.ey-films.fr\/blog\/wp-json\/wp\/v2\/pages\/551\/revisions\/933"}],"wp:featuredmedia":[{"embeddable":true,"href":"https:\/\/www.ey-films.fr\/blog\/wp-json\/wp\/v2\/media\/494"}],"wp:attachment":[{"href":"https:\/\/www.ey-films.fr\/blog\/wp-json\/wp\/v2\/media?parent=551"}],"curies":[{"name":"wp","href":"https:\/\/api.w.org\/{rel}","templated":true}]}}