{"id":119,"date":"2011-10-01T22:43:02","date_gmt":"2011-10-01T20:43:02","guid":{"rendered":"http:\/\/blog.ey-films.fr\/?page_id=119"},"modified":"2025-03-10T18:28:00","modified_gmt":"2025-03-10T17:28:00","slug":"mise-au-point-sur","status":"publish","type":"page","link":"https:\/\/www.ey-films.fr\/blog\/","title":{"rendered":"Mise au point sur&#8230;"},"content":{"rendered":"<h3><a href=\"https:\/\/www.ey-films.fr\/blog\/reconnexion-un-film-pour-un-monde-d-equilibre\/\">Reconnexion, un film pour un monde d&rsquo;\u00e9quilibre<\/a><\/h3>\n<p>\u00ab Reconnexion \u00bb est un film qui invite \u00e0 ralentir et \u00e0 se d\u00e9conditionner afin de prendre conscience des manques de notre syst\u00e8me et de la n\u00e9cessit\u00e9 de prot\u00e9ger nos ressources naturelles. Dans une nature encore pr\u00e9serv\u00e9e, il questionne sur les r\u00e9ponses que pourraient apporter les pra\u00adtiques ancestrales \u00e0 notre besoin d\u2019\u00eatre connect\u00e9 \u00e0 soi-m\u00eame, aux autres et \u00e0 notre environne\u00adment. [\u2026]<\/p>\n<p><a href=\"https:\/\/www.ey-films.fr\/blog\/reconnexion-un-film-pour-un-monde-d-equilibre\/\"><img decoding=\"async\" loading=\"lazy\" class=\"alignnone wp-image-1566 size-full\" title=\"Lire l'article &quot;Reconnexion, un film pour un monde d\u2019\u00e9quilibre&quot;\" src=\"https:\/\/www.ey-films.fr\/blog\/wp-content\/uploads\/Bande-projet-Reconnexion1000.jpg\" alt=\"\" width=\"1000\" height=\"413\" srcset=\"https:\/\/www.ey-films.fr\/blog\/wp-content\/uploads\/Bande-projet-Reconnexion1000.jpg 1000w, https:\/\/www.ey-films.fr\/blog\/wp-content\/uploads\/Bande-projet-Reconnexion1000-300x124.jpg 300w, https:\/\/www.ey-films.fr\/blog\/wp-content\/uploads\/Bande-projet-Reconnexion1000-768x317.jpg 768w, https:\/\/www.ey-films.fr\/blog\/wp-content\/uploads\/Bande-projet-Reconnexion1000-681x281.jpg 681w\" sizes=\"(max-width: 1000px) 100vw, 1000px\" \/><\/a><\/p>\n<hr \/>\n<h3><a href=\"https:\/\/www.ey-films.fr\/blog\/un-moulin-et-un-projet-de-films-entre-histoire-et-legende\/\">Un moulin et un projet de films, entre Histoire et l\u00e9gende<\/a><\/h3>\n<p>Un double projet cin\u00e9matographique constitu\u00e9 d\u2019une fiction et d\u2019un documentaire sur un m\u00eame sujet : un ancien moulin hydraulique qui a travers\u00e9 les si\u00e8cles, t\u00e9moin des grandes mutations de notre soci\u00e9t\u00e9 \u00e0 l\u2019\u00e9poque moderne. Une l\u00e9gende fantastique et une qu\u00eate historique et arch\u00e9ologique autour d\u2019un \u00e9l\u00e9ment m\u00e9connu du patrimoine. [\u2026]<\/p>\n<p><a href=\"https:\/\/www.ey-films.fr\/blog\/un-moulin-et-un-projet-de-films-entre-histoire-et-legende\/\"><img decoding=\"async\" loading=\"lazy\" class=\"alignnone wp-image-1565 size-full\" title=\"Lire l'article &quot;Un moulin et un projet de films, entre Histoire et l\u00e9gende&quot;\" src=\"https:\/\/www.ey-films.fr\/blog\/wp-content\/uploads\/Bande-projet-Moulin1000.jpg\" alt=\"\" width=\"1000\" height=\"413\" srcset=\"https:\/\/www.ey-films.fr\/blog\/wp-content\/uploads\/Bande-projet-Moulin1000.jpg 1000w, https:\/\/www.ey-films.fr\/blog\/wp-content\/uploads\/Bande-projet-Moulin1000-300x124.jpg 300w, https:\/\/www.ey-films.fr\/blog\/wp-content\/uploads\/Bande-projet-Moulin1000-768x317.jpg 768w, https:\/\/www.ey-films.fr\/blog\/wp-content\/uploads\/Bande-projet-Moulin1000-681x281.jpg 681w\" sizes=\"(max-width: 1000px) 100vw, 1000px\" \/><\/a><\/p>\n<hr \/>\n<h3><a href=\"https:\/\/www.ey-films.fr\/blog\/une-alternative-au-glyphosate-existe\/\">Une alternative au glyphosate existe !<\/a><\/h3>\n<p>Pour produire notre nourriture, l\u2019agro\u00e9cologie est la seule alternative cr\u00e9dible \u00e0 l\u2019utilisation des pesticides et engrais de synth\u00e8se qui mettent en danger notre sant\u00e9, d\u00e9gradent notre environnement et contribuent au r\u00e9chauffement climatique. Voici des cl\u00e9s pour comprendre et agir, afin de changer de mod\u00e8le agroalimentaire. [\u2026]<\/p>\n<p><a href=\"https:\/\/www.ey-films.fr\/blog\/une-alternative-au-glyphosate-existe\/\"><img decoding=\"async\" loading=\"lazy\" class=\"alignnone wp-image-1564 size-full\" title=\"Lire l'article &quot;Une alternative au glyphosate existe !&quot;\" src=\"https:\/\/www.ey-films.fr\/blog\/wp-content\/uploads\/Bandeau_agrobio1000.jpg\" alt=\"\" width=\"1000\" height=\"413\" srcset=\"https:\/\/www.ey-films.fr\/blog\/wp-content\/uploads\/Bandeau_agrobio1000.jpg 1000w, https:\/\/www.ey-films.fr\/blog\/wp-content\/uploads\/Bandeau_agrobio1000-300x124.jpg 300w, https:\/\/www.ey-films.fr\/blog\/wp-content\/uploads\/Bandeau_agrobio1000-768x317.jpg 768w, https:\/\/www.ey-films.fr\/blog\/wp-content\/uploads\/Bandeau_agrobio1000-681x281.jpg 681w\" sizes=\"(max-width: 1000px) 100vw, 1000px\" \/><\/a><\/p>\n<hr \/>\n<h3><a href=\"https:\/\/www.ey-films.fr\/blog\/la-captation-video-de-spectacles-vivants\/\">La captation vid\u00e9o de spectacles vivants<\/a><\/h3>\n<p>Pour \u00eatre r\u00e9ussie, la captation vid\u00e9o d\u2019un spectacle vivant doit mettre en valeur le travail des artistes, sans trahir la mise en sc\u00e8ne, en reproduisant l\u2019exp\u00e9rience du spectateur qui assiste \u00e0 la repr\u00e9sentation. Une gageure en fait. Un spectacle vivant fonctionne sur l\u2019\u00e9change \u00e9motionnel entre les artistes et le public, rendu possible par leur proximit\u00e9. Cela ne fonctionne pas \u00e0 travers un \u00e9cran. [\u2026]<\/p>\n<p><a href=\"https:\/\/www.ey-films.fr\/blog\/la-captation-video-de-spectacles-vivants\/\"><img decoding=\"async\" loading=\"lazy\" class=\"alignnone wp-image-1807 size-full\" title=\"Lire l'article &quot;La captation vid\u00e9o de spectacles vivants&quot;\" src=\"https:\/\/www.ey-films.fr\/blog\/wp-content\/uploads\/Bande-captations-spectacles.jpg\" alt=\"\" width=\"1000\" height=\"413\" srcset=\"https:\/\/www.ey-films.fr\/blog\/wp-content\/uploads\/Bande-captations-spectacles.jpg 1000w, https:\/\/www.ey-films.fr\/blog\/wp-content\/uploads\/Bande-captations-spectacles-500x207.jpg 500w, https:\/\/www.ey-films.fr\/blog\/wp-content\/uploads\/Bande-captations-spectacles-768x317.jpg 768w, https:\/\/www.ey-films.fr\/blog\/wp-content\/uploads\/Bande-captations-spectacles-681x281.jpg 681w\" sizes=\"(max-width: 1000px) 100vw, 1000px\" \/><\/a><\/p>\n<hr \/>\n<h3><a href=\"https:\/\/www.ey-films.fr\/blog\/?p=258\">Devis : combien co\u00fbte un film d\u2019entreprise ?<\/a><\/h3>\n<p>Combien co\u00fbte un film d\u2019entreprise ? Quel est le juste prix ? Pourquoi les devis varient-ils du simple au triple, voir d\u2019avantage, pour un m\u00eame projet vid\u00e9o ? En quoi consistent (ou que cachent) les offres all\u00e9chantes que l\u2019on trouve sur Internet ? Savoir d\u00e9crypter un devis et \u00e9viter les pi\u00e8ges, c\u2019est d\u2019abord comprendre comment se r\u00e9alise un film institutionnel et dans quel contexte. [\u2026]<\/p>\n<hr \/>\n<h3><a href=\"https:\/\/www.ey-films.fr\/blog\/?p=340\">Un DCP ou Digital Cinema Package pour Musiques en courts<\/a><\/h3>\n<p>L\u2019actualisation d\u2019un film de promotion pour le concours \u00ab Musiques en courts \u00bb a \u00e9t\u00e9 l\u2019occasion de r\u00e9aliser une copie DCP destin\u00e9e aux avant-programmes du cin\u00e9ma le Trianon \u00e0 Sceaux. Le DCP, ou Digital Cinema Package, est l\u2019\u00e9quivalent num\u00e9rique de la copie 35mm pour les syst\u00e8mes de projection Digital Cinema dont sont \u00e9quip\u00e9es de nombreuses salles en France. [\u2026]<\/p>\n<hr \/>\n<p><img decoding=\"async\" loading=\"lazy\" class=\"alignnone wp-image-1575 size-full\" src=\"https:\/\/www.ey-films.fr\/blog\/wp-content\/uploads\/PM-accueil-blog1000.jpg\" alt=\"\" width=\"1000\" height=\"851\" srcset=\"https:\/\/www.ey-films.fr\/blog\/wp-content\/uploads\/PM-accueil-blog1000.jpg 1000w, https:\/\/www.ey-films.fr\/blog\/wp-content\/uploads\/PM-accueil-blog1000-500x426.jpg 500w, https:\/\/www.ey-films.fr\/blog\/wp-content\/uploads\/PM-accueil-blog1000-768x654.jpg 768w, https:\/\/www.ey-films.fr\/blog\/wp-content\/uploads\/PM-accueil-blog1000-681x580.jpg 681w\" sizes=\"(max-width: 1000px) 100vw, 1000px\" \/><\/p>\n<div class=\"notes\" style=\"margin-top: -12px; text-align: left;\">Ci-dessus, de gauche \u00e0 droite et de haut en bas : projecteur num\u00e9rique du cin\u00e9ma le Trianon \u00e0 Sceaux, film humoristique \u00ab\u00a0Autotopbudget\u00a0\u00bb pour Schuller Automobiles, s\u00e9rie web \u00ab\u00a0Jules et Juliette\u00a0\u00bb.<\/div>\n","protected":false},"excerpt":{"rendered":"<p>Reconnexion, un film pour un monde d&rsquo;\u00e9quilibre \u00ab Reconnexion \u00bb est un film qui invite \u00e0 ralentir et \u00e0 se d\u00e9conditionner afin de prendre conscience des manques de notre syst\u00e8me et de la n\u00e9cessit\u00e9 de prot\u00e9ger nos ressources naturelles. Dans une nature encore pr\u00e9serv\u00e9e, il questionne sur les r\u00e9ponses que pourraient apporter les pra\u00adtiques ancestrales [&hellip;]<\/p>\n","protected":false},"author":1,"featured_media":0,"parent":0,"menu_order":0,"comment_status":"closed","ping_status":"closed","template":"page-templates\/page-modele-1.php","meta":[],"_links":{"self":[{"href":"https:\/\/www.ey-films.fr\/blog\/wp-json\/wp\/v2\/pages\/119"}],"collection":[{"href":"https:\/\/www.ey-films.fr\/blog\/wp-json\/wp\/v2\/pages"}],"about":[{"href":"https:\/\/www.ey-films.fr\/blog\/wp-json\/wp\/v2\/types\/page"}],"author":[{"embeddable":true,"href":"https:\/\/www.ey-films.fr\/blog\/wp-json\/wp\/v2\/users\/1"}],"replies":[{"embeddable":true,"href":"https:\/\/www.ey-films.fr\/blog\/wp-json\/wp\/v2\/comments?post=119"}],"version-history":[{"count":48,"href":"https:\/\/www.ey-films.fr\/blog\/wp-json\/wp\/v2\/pages\/119\/revisions"}],"predecessor-version":[{"id":1429,"href":"https:\/\/www.ey-films.fr\/blog\/wp-json\/wp\/v2\/pages\/119\/revisions\/1429"}],"wp:attachment":[{"href":"https:\/\/www.ey-films.fr\/blog\/wp-json\/wp\/v2\/media?parent=119"}],"curies":[{"name":"wp","href":"https:\/\/api.w.org\/{rel}","templated":true}]}}